{"id":10,"date":"2021-09-30T11:29:53","date_gmt":"2021-09-30T11:29:53","guid":{"rendered":"https:\/\/www.satival.pl\/?page_id=10"},"modified":"2025-03-28T21:10:40","modified_gmt":"2025-03-28T21:10:40","slug":"tworz-swoja-witryne-za-pomoca-blokow","status":"publish","type":"page","link":"https:\/\/www.satival.pl\/","title":{"rendered":""},"content":{"rendered":"\n<p><\/p>\n\n\n\n<p class=\"has-medium-font-size\"><strong>CZYM JEST BOVEDA?<\/strong><\/p>\n\n\n\n<p class=\"has-black-color has-text-color\">Boveda to prawdziwa rewolucja w przechowywaniu suszu.<\/p>\n\n\n\n<p class=\"has-black-color has-text-color\"> Z do\u015bwiadczenia wiemy, \u017ce z biegiem czasu susz nadmiernie wysycha lub mo\u017ce sta\u0107 si\u0119 zbyt wilgotny &#8211; nawet je\u015bli jest przechowywany w szczelnym pojemniku. <\/p>\n\n\n\n<p class=\"has-black-color has-text-color\">Saszetki Boveda rozwi\u0105zuj\u0105 oba te problemy \u2013  zapewniaj\u0105c idealny poziom wilgotno\u015bci Twojego suszu.<\/p>\n\n\n\n<p class=\"has-black-color has-text-color\">Co najwa\u017cniejsze s\u0105 ca\u0142kowicie naturalne  (mieszania specjalnych soli i wody) oraz nie zawieraj\u0105 \u017cadnych substancji chemicznych. Saszetki s\u0105 dost\u0119pne w wersji 58% i 62% wilgotno\u015bci \u2013 po zamkni\u0119ciu na kilka godzin w szczelnym pojemniku, susz przechowywany z Boveda b\u0119dzie mia\u0142 w\u0142a\u015bnie taki poziom wilgotno\u015bci.<\/p>\n\n\n\n<figure class=\"wp-block-image size-full\"><img loading=\"lazy\" decoding=\"async\" width=\"1000\" height=\"1000\" src=\"https:\/\/www.satival.pl\/wp-content\/uploads\/2021\/09\/B58-04_17-APP1.jpg\" alt=\"\" class=\"wp-image-40\" srcset=\"https:\/\/www.satival.pl\/wp-content\/uploads\/2021\/09\/B58-04_17-APP1.jpg 1000w, https:\/\/www.satival.pl\/wp-content\/uploads\/2021\/09\/B58-04_17-APP1-300x300.jpg 300w, https:\/\/www.satival.pl\/wp-content\/uploads\/2021\/09\/B58-04_17-APP1-150x150.jpg 150w, https:\/\/www.satival.pl\/wp-content\/uploads\/2021\/09\/B58-04_17-APP1-768x768.jpg 768w, https:\/\/www.satival.pl\/wp-content\/uploads\/2021\/09\/B58-04_17-APP1-100x100.jpg 100w\" sizes=\"auto, (max-width: 767px) 89vw, (max-width: 1000px) 54vw, (max-width: 1071px) 543px, 580px\" \/><\/figure>\n\n\n\n<p><\/p>\n\n\n\n<h2 class=\"wp-block-heading alignwide has-text-align-left has-text-align-wide has-black-color has-text-color has-medium-font-size\" style=\"line-height:1.1\"><strong>ZASTOSOWANIE<\/strong><\/h2>\n\n\n\n<p class=\"has-text-align-left has-black-color has-text-color\">Je\u015bli susz jest zbyt suchy lub wilgotny to po zamkni\u0119ciu go w szczelnym pojemniku z saszetk\u0105 Boveda jego wilgotno\u015b\u0107 wr\u00f3ci do optymalnego poziomu ju\u017c po kilku godzinach!  Wyb\u00f3r saszetki Boveda zale\u017cy od ilo\u015bci przechowywanego przez Nas suszu.<\/p>\n\n\n\n<figure class=\"wp-block-image size-full\"><img loading=\"lazy\" decoding=\"async\" width=\"1000\" height=\"1000\" src=\"https:\/\/www.satival.pl\/wp-content\/uploads\/2021\/09\/B62-67_17-APP1.jpg\" alt=\"\" class=\"wp-image-55\" srcset=\"https:\/\/www.satival.pl\/wp-content\/uploads\/2021\/09\/B62-67_17-APP1.jpg 1000w, https:\/\/www.satival.pl\/wp-content\/uploads\/2021\/09\/B62-67_17-APP1-300x300.jpg 300w, https:\/\/www.satival.pl\/wp-content\/uploads\/2021\/09\/B62-67_17-APP1-150x150.jpg 150w, https:\/\/www.satival.pl\/wp-content\/uploads\/2021\/09\/B62-67_17-APP1-768x768.jpg 768w, https:\/\/www.satival.pl\/wp-content\/uploads\/2021\/09\/B62-67_17-APP1-100x100.jpg 100w\" sizes=\"auto, (max-width: 767px) 89vw, (max-width: 1000px) 54vw, (max-width: 1071px) 543px, 580px\" \/><\/figure>\n\n\n\n<div class=\"wp-block-columns is-layout-flex wp-container-core-columns-is-layout-9d6595d7 wp-block-columns-is-layout-flex\">\n<div class=\"wp-block-column is-layout-flow wp-block-column-is-layout-flow\" style=\"flex-basis:100%\">\n<div class=\"wp-block-columns alignwide are-vertically-aligned-center is-style-twentytwentyone-columns-overlap is-layout-flex wp-container-core-columns-is-layout-9d6595d7 wp-block-columns-is-layout-flex\">\n<div class=\"wp-block-column is-vertically-aligned-center is-layout-flow wp-block-column-is-layout-flow\">\n<p class=\"has-black-color has-text-color has-medium-font-size\"><strong>DLACZEGO WARTO?<\/strong><\/p>\n\n\n\n<p class=\"has-text-align-left\">Susz przechowywany w odpowiedniej wilgotno\u015bci wp\u0142ywa na popraw\u0119 jego smaku i aromatu, zapobiega ulatnianiu si\u0119 w\u0142a\u015bciwo\u015bci leczniczych z zi\u00f3\u0142, zatrzymuje 15% wi\u0119cej terpen\u00f3w w suszu, utrzymuje \u015bwie\u017co\u015b\u0107 kwiat\u00f3w nawet przez rok. Odpowiednia wilgotno\u015b\u0107 zapobiega  tak\u017ce niechcianemu kruszeniu si\u0119 i przesuszaniu czy pojawieniu si\u0119 ple\u015bni oraz sprawia, \u017ce susz b\u0119dzie w optymalnej kondycji, co prze\u0142o\u017cy si\u0119 na pozytywne wra\u017cenia  z jego waporyzacji.<\/p>\n<\/div>\n<\/div>\n<\/div>\n<\/div>\n\n\n\n<figure class=\"wp-block-image size-full is-style-default\"><img loading=\"lazy\" decoding=\"async\" width=\"1000\" height=\"1000\" src=\"https:\/\/www.satival.pl\/wp-content\/uploads\/2021\/10\/B62-320_17-APP1.jpg\" alt=\"\" class=\"wp-image-175\" srcset=\"https:\/\/www.satival.pl\/wp-content\/uploads\/2021\/10\/B62-320_17-APP1.jpg 1000w, https:\/\/www.satival.pl\/wp-content\/uploads\/2021\/10\/B62-320_17-APP1-300x300.jpg 300w, https:\/\/www.satival.pl\/wp-content\/uploads\/2021\/10\/B62-320_17-APP1-150x150.jpg 150w, https:\/\/www.satival.pl\/wp-content\/uploads\/2021\/10\/B62-320_17-APP1-768x768.jpg 768w, https:\/\/www.satival.pl\/wp-content\/uploads\/2021\/10\/B62-320_17-APP1-100x100.jpg 100w\" sizes=\"auto, (max-width: 767px) 89vw, (max-width: 1000px) 54vw, (max-width: 1071px) 543px, 580px\" \/><\/figure>\n\n\n\n<div style=\"height:50px\" aria-hidden=\"true\" class=\"wp-block-spacer\"><\/div>\n\n\n\n<div class=\"wp-block-columns alignwide are-vertically-aligned-top is-layout-flex wp-container-core-columns-is-layout-9d6595d7 wp-block-columns-is-layout-flex\">\n<div class=\"wp-block-column is-vertically-aligned-top is-layout-flow wp-block-column-is-layout-flow\"><\/div>\n<\/div>\n\n\n\n<div style=\"height:100px\" aria-hidden=\"true\" class=\"wp-block-spacer\"><\/div>\n\n\n\n<p><\/p>\n","protected":false},"excerpt":{"rendered":"<p>CZYM JEST BOVEDA? Boveda to prawdziwa rewolucja w przechowywaniu suszu. Z do\u015bwiadczenia wiemy, \u017ce z biegiem czasu susz nadmiernie wysycha lub mo\u017ce sta\u0107 si\u0119 zbyt wilgotny &#8211; nawet je\u015bli jest przechowywany w szczelnym pojemniku. Saszetki Boveda rozwi\u0105zuj\u0105 oba te problemy \u2013 zapewniaj\u0105c idealny poziom wilgotno\u015bci Twojego suszu. Co najwa\u017cniejsze s\u0105 ca\u0142kowicie naturalne (mieszania specjalnych soli &hellip; <\/p>\n<p class=\"link-more\"><a href=\"https:\/\/www.satival.pl\/\" class=\"more-link\">Czytaj dalej<span class=\"screen-reader-text\"> \u201e\u201d<\/span><\/a><\/p>\n","protected":false},"author":1,"featured_media":54,"parent":0,"menu_order":0,"comment_status":"closed","ping_status":"closed","template":"","meta":{"footnotes":""},"class_list":["post-10","page","type-page","status-publish","has-post-thumbnail","hentry"],"_links":{"self":[{"href":"https:\/\/www.satival.pl\/index.php?rest_route=\/wp\/v2\/pages\/10","targetHints":{"allow":["GET"]}}],"collection":[{"href":"https:\/\/www.satival.pl\/index.php?rest_route=\/wp\/v2\/pages"}],"about":[{"href":"https:\/\/www.satival.pl\/index.php?rest_route=\/wp\/v2\/types\/page"}],"author":[{"embeddable":true,"href":"https:\/\/www.satival.pl\/index.php?rest_route=\/wp\/v2\/users\/1"}],"replies":[{"embeddable":true,"href":"https:\/\/www.satival.pl\/index.php?rest_route=%2Fwp%2Fv2%2Fcomments&post=10"}],"version-history":[{"count":24,"href":"https:\/\/www.satival.pl\/index.php?rest_route=\/wp\/v2\/pages\/10\/revisions"}],"predecessor-version":[{"id":233,"href":"https:\/\/www.satival.pl\/index.php?rest_route=\/wp\/v2\/pages\/10\/revisions\/233"}],"wp:featuredmedia":[{"embeddable":true,"href":"https:\/\/www.satival.pl\/index.php?rest_route=\/wp\/v2\/media\/54"}],"wp:attachment":[{"href":"https:\/\/www.satival.pl\/index.php?rest_route=%2Fwp%2Fv2%2Fmedia&parent=10"}],"curies":[{"name":"wp","href":"https:\/\/api.w.org\/{rel}","templated":true}]}}