{"id":11,"date":"2021-09-30T11:29:53","date_gmt":"2021-09-30T11:29:53","guid":{"rendered":"https:\/\/www.satival.pl\/?page_id=11"},"modified":"2025-03-29T14:15:34","modified_gmt":"2025-03-29T14:15:34","slug":"informacje","status":"publish","type":"page","link":"https:\/\/www.satival.pl\/?page_id=11","title":{"rendered":"WIELKO\u015a\u0106 SASZETEK BOVEDA"},"content":{"rendered":"\n<h2 class=\"wp-block-heading\"><\/h2>\n\n\n\n<p class=\"has-medium-font-size\"><strong>BOVEDA SIZE 1g<\/strong><\/p>\n\n\n\n<p style=\"font-size:20px\"><strong>Boveda 1 gram jest odpowiednia do kontroli oko\u0142o 3,5 grama suszu ro\u015blinnego.<\/strong><\/p>\n\n\n\n<figure class=\"wp-block-image size-full is-style-default\"><img loading=\"lazy\" decoding=\"async\" width=\"1000\" height=\"1000\" src=\"https:\/\/www.satival.pl\/wp-content\/uploads\/2021\/09\/B62-01_17-APP1.jpg\" alt=\"\" class=\"wp-image-48\" srcset=\"https:\/\/www.satival.pl\/wp-content\/uploads\/2021\/09\/B62-01_17-APP1.jpg 1000w, https:\/\/www.satival.pl\/wp-content\/uploads\/2021\/09\/B62-01_17-APP1-300x300.jpg 300w, https:\/\/www.satival.pl\/wp-content\/uploads\/2021\/09\/B62-01_17-APP1-150x150.jpg 150w, https:\/\/www.satival.pl\/wp-content\/uploads\/2021\/09\/B62-01_17-APP1-768x768.jpg 768w, https:\/\/www.satival.pl\/wp-content\/uploads\/2021\/09\/B62-01_17-APP1-100x100.jpg 100w\" sizes=\"auto, (max-width: 767px) 89vw, (max-width: 1000px) 54vw, (max-width: 1071px) 543px, 580px\" \/><\/figure>\n\n\n\n<h2 class=\"wp-block-heading\"><strong>BOVEDA SIZE  2g<\/strong><\/h2>\n\n\n\n<p style=\"font-size:20px\"><strong>Boveda 2 gram jest odpowiednia do kontroli oko\u0142o 7 gram suszu ro\u015blinnego<\/strong><\/p>\n\n\n\n<figure class=\"wp-block-image size-full\"><img loading=\"lazy\" decoding=\"async\" width=\"2560\" height=\"1707\" src=\"https:\/\/www.satival.pl\/wp-content\/uploads\/2021\/10\/Boveda_Cannabis_Jars-scaled.jpg\" alt=\"\" class=\"wp-image-173\" srcset=\"https:\/\/www.satival.pl\/wp-content\/uploads\/2021\/10\/Boveda_Cannabis_Jars-scaled.jpg 2560w, https:\/\/www.satival.pl\/wp-content\/uploads\/2021\/10\/Boveda_Cannabis_Jars-300x200.jpg 300w, https:\/\/www.satival.pl\/wp-content\/uploads\/2021\/10\/Boveda_Cannabis_Jars-1024x683.jpg 1024w, https:\/\/www.satival.pl\/wp-content\/uploads\/2021\/10\/Boveda_Cannabis_Jars-768x512.jpg 768w, https:\/\/www.satival.pl\/wp-content\/uploads\/2021\/10\/Boveda_Cannabis_Jars-1536x1024.jpg 1536w, https:\/\/www.satival.pl\/wp-content\/uploads\/2021\/10\/Boveda_Cannabis_Jars-2048x1365.jpg 2048w\" sizes=\"auto, (max-width: 767px) 89vw, (max-width: 1000px) 54vw, (max-width: 1071px) 543px, 580px\" \/><\/figure>\n\n\n\n<h2 class=\"wp-block-heading has-medium-font-size\"><strong>BOVEDA SIZE 4g<\/strong><\/h2>\n\n\n\n<p style=\"font-size:20px\"><strong>Boveda 4 <strong> gram jest odpowiednia do kontroli oko\u0142o 14 gram suszu ro\u015blinnego.<\/strong> <\/strong><\/p>\n\n\n\n<figure class=\"wp-block-image size-full is-style-default\"><img loading=\"lazy\" decoding=\"async\" width=\"1000\" height=\"1000\" src=\"https:\/\/www.satival.pl\/wp-content\/uploads\/2021\/09\/B62-04_17-APP3-1.jpg\" alt=\"\" class=\"wp-image-92\" srcset=\"https:\/\/www.satival.pl\/wp-content\/uploads\/2021\/09\/B62-04_17-APP3-1.jpg 1000w, https:\/\/www.satival.pl\/wp-content\/uploads\/2021\/09\/B62-04_17-APP3-1-300x300.jpg 300w, https:\/\/www.satival.pl\/wp-content\/uploads\/2021\/09\/B62-04_17-APP3-1-150x150.jpg 150w, https:\/\/www.satival.pl\/wp-content\/uploads\/2021\/09\/B62-04_17-APP3-1-768x768.jpg 768w, https:\/\/www.satival.pl\/wp-content\/uploads\/2021\/09\/B62-04_17-APP3-1-100x100.jpg 100w\" sizes=\"auto, (max-width: 767px) 89vw, (max-width: 1000px) 54vw, (max-width: 1071px) 543px, 580px\" \/><\/figure>\n\n\n\n<h2 class=\"wp-block-heading\"><\/h2>\n\n\n\n<p class=\"has-medium-font-size\"><strong>BOVEDA SIZE 8g<\/strong><\/p>\n\n\n\n<p class=\"has-medium-font-size\"><strong>Boveda 8  gram jest odpowiednia do kontroli oko\u0142o 28 gram suszu ro\u015blinnego. <\/strong><\/p>\n\n\n\n<figure class=\"wp-block-image size-full is-style-default\"><img loading=\"lazy\" decoding=\"async\" width=\"1000\" height=\"1000\" src=\"https:\/\/www.satival.pl\/wp-content\/uploads\/2021\/09\/B58-08_17-APP2.jpg\" alt=\"\" class=\"wp-image-42\" srcset=\"https:\/\/www.satival.pl\/wp-content\/uploads\/2021\/09\/B58-08_17-APP2.jpg 1000w, https:\/\/www.satival.pl\/wp-content\/uploads\/2021\/09\/B58-08_17-APP2-300x300.jpg 300w, https:\/\/www.satival.pl\/wp-content\/uploads\/2021\/09\/B58-08_17-APP2-150x150.jpg 150w, https:\/\/www.satival.pl\/wp-content\/uploads\/2021\/09\/B58-08_17-APP2-768x768.jpg 768w, https:\/\/www.satival.pl\/wp-content\/uploads\/2021\/09\/B58-08_17-APP2-100x100.jpg 100w\" sizes=\"auto, (max-width: 767px) 89vw, (max-width: 1000px) 54vw, (max-width: 1071px) 543px, 580px\" \/><\/figure>\n\n\n\n<h2 class=\"wp-block-heading\"><\/h2>\n\n\n\n<p class=\"has-medium-font-size\"><strong>BOVEDA SIZE 67g<\/strong><\/p>\n\n\n\n<p style=\"font-size:20px\"><strong> Boveda 67 gram jest odpowiednia do kontroli oko\u0142o 450 gram suszu ro\u015blinnego.<\/strong><\/p>\n\n\n\n<figure class=\"wp-block-image size-full is-style-default\"><img loading=\"lazy\" decoding=\"async\" width=\"1000\" height=\"1000\" src=\"https:\/\/www.satival.pl\/wp-content\/uploads\/2021\/09\/B58-67_17-APP1.jpg\" alt=\"\" class=\"wp-image-44\" srcset=\"https:\/\/www.satival.pl\/wp-content\/uploads\/2021\/09\/B58-67_17-APP1.jpg 1000w, https:\/\/www.satival.pl\/wp-content\/uploads\/2021\/09\/B58-67_17-APP1-300x300.jpg 300w, https:\/\/www.satival.pl\/wp-content\/uploads\/2021\/09\/B58-67_17-APP1-150x150.jpg 150w, https:\/\/www.satival.pl\/wp-content\/uploads\/2021\/09\/B58-67_17-APP1-768x768.jpg 768w, https:\/\/www.satival.pl\/wp-content\/uploads\/2021\/09\/B58-67_17-APP1-100x100.jpg 100w\" sizes=\"auto, (max-width: 767px) 89vw, (max-width: 1000px) 54vw, (max-width: 1071px) 543px, 580px\" \/><\/figure>\n\n\n\n<h2 class=\"wp-block-heading\"><\/h2>\n\n\n\n<p class=\"has-text-align-left has-white-background-color has-background has-medium-font-size\"><strong>BOVEDA SIZE 320g<\/strong><\/p>\n\n\n\n<p style=\"font-size:20px\"><strong>Boveda 320 gram jest odpowiednia do kontroli oko\u0142o 2,26 kg suszu ro\u015blinnego.<\/strong><\/p>\n\n\n\n<figure class=\"wp-block-image size-full is-style-default\"><img loading=\"lazy\" decoding=\"async\" width=\"1000\" height=\"1000\" src=\"https:\/\/www.satival.pl\/wp-content\/uploads\/2021\/09\/B58-320_17-APP1.jpg\" alt=\"\" class=\"wp-image-46\" srcset=\"https:\/\/www.satival.pl\/wp-content\/uploads\/2021\/09\/B58-320_17-APP1.jpg 1000w, https:\/\/www.satival.pl\/wp-content\/uploads\/2021\/09\/B58-320_17-APP1-300x300.jpg 300w, https:\/\/www.satival.pl\/wp-content\/uploads\/2021\/09\/B58-320_17-APP1-150x150.jpg 150w, https:\/\/www.satival.pl\/wp-content\/uploads\/2021\/09\/B58-320_17-APP1-768x768.jpg 768w, https:\/\/www.satival.pl\/wp-content\/uploads\/2021\/09\/B58-320_17-APP1-100x100.jpg 100w\" sizes=\"auto, (max-width: 767px) 89vw, (max-width: 1000px) 54vw, (max-width: 1071px) 543px, 580px\" \/><\/figure>\n","protected":false},"excerpt":{"rendered":"<p>BOVEDA SIZE 1g Boveda 1 gram jest odpowiednia do kontroli oko\u0142o 3,5 grama suszu ro\u015blinnego. BOVEDA SIZE 2g Boveda 2 gram jest odpowiednia do kontroli oko\u0142o 7 gram suszu ro\u015blinnego BOVEDA SIZE 4g Boveda 4 gram jest odpowiednia do kontroli oko\u0142o 14 gram suszu ro\u015blinnego. BOVEDA SIZE 8g Boveda 8 gram jest odpowiednia do kontroli &hellip; <\/p>\n<p class=\"link-more\"><a href=\"https:\/\/www.satival.pl\/?page_id=11\" class=\"more-link\">Czytaj dalej<span class=\"screen-reader-text\"> \u201eWIELKO\u015a\u0106 SASZETEK BOVEDA\u201d<\/span><\/a><\/p>\n","protected":false},"author":1,"featured_media":43,"parent":0,"menu_order":0,"comment_status":"closed","ping_status":"closed","template":"","meta":{"footnotes":""},"class_list":["post-11","page","type-page","status-publish","has-post-thumbnail","hentry"],"_links":{"self":[{"href":"https:\/\/www.satival.pl\/index.php?rest_route=\/wp\/v2\/pages\/11","targetHints":{"allow":["GET"]}}],"collection":[{"href":"https:\/\/www.satival.pl\/index.php?rest_route=\/wp\/v2\/pages"}],"about":[{"href":"https:\/\/www.satival.pl\/index.php?rest_route=\/wp\/v2\/types\/page"}],"author":[{"embeddable":true,"href":"https:\/\/www.satival.pl\/index.php?rest_route=\/wp\/v2\/users\/1"}],"replies":[{"embeddable":true,"href":"https:\/\/www.satival.pl\/index.php?rest_route=%2Fwp%2Fv2%2Fcomments&post=11"}],"version-history":[{"count":26,"href":"https:\/\/www.satival.pl\/index.php?rest_route=\/wp\/v2\/pages\/11\/revisions"}],"predecessor-version":[{"id":234,"href":"https:\/\/www.satival.pl\/index.php?rest_route=\/wp\/v2\/pages\/11\/revisions\/234"}],"wp:featuredmedia":[{"embeddable":true,"href":"https:\/\/www.satival.pl\/index.php?rest_route=\/wp\/v2\/media\/43"}],"wp:attachment":[{"href":"https:\/\/www.satival.pl\/index.php?rest_route=%2Fwp%2Fv2%2Fmedia&parent=11"}],"curies":[{"name":"wp","href":"https:\/\/api.w.org\/{rel}","templated":true}]}}